{"id":2257,"date":"2023-10-09T08:04:38","date_gmt":"2023-10-09T08:04:38","guid":{"rendered":"https:\/\/www.gartenbau-bashkim-gashi.de\/?page_id=2257"},"modified":"2023-10-09T09:13:51","modified_gmt":"2023-10-09T09:13:51","slug":"home-copy","status":"publish","type":"page","link":"https:\/\/www.gartenbau-bashkim-gashi.de\/?page_id=2257","title":{"rendered":"Jobs"},"content":{"rendered":"<div id='fullscreen_slider_1'  class='avia-fullscreen-slider main_color  av-medium-hide av-small-hide av-mini-hide  avia-builder-el-0  el_before_av_fullscreen  avia-builder-el-first   container_wrap sidebar_right'  ><a href='#next-section' title='' class='scroll-down-link av-control-hidden' aria-hidden='true' data-av_icon='\ue877' data-av_iconfont='entypo-fontello'><\/a><div   data-size='no scaling'  data-lightbox_size='large'  data-animation='fade'  data-conditional_play=''  data-ids='2306'  data-video_counter='0'  data-autoplay='false'  data-bg_slider='true'  data-slide_height='100'  data-handle='av_fullscreen'  data-interval='7'  data-class=' '  data-el_id=''  data-css_id='fullscreen_slider_1'  data-scroll_down='aviaTBscroll_down'  data-control_layout='av-control-hidden'  data-custom_markup=''  data-perma_caption=''  data-autoplay_stopper=''  data-image_attachment=''  data-min_height='0px'  data-lazy_loading='disabled'  data-stretch=''  data-img_scrset=''  class='avia-slideshow avia-slideshow-1 av-slider-scroll-down-active av-control-hidden av-default-height-applied avia-slideshow-no scaling av_fullscreen   avia-fade-slider '  itemprop=\"image\" itemscope=\"itemscope\" itemtype=\"https:\/\/schema.org\/ImageObject\" ><ul class='avia-slideshow-inner ' style='padding-bottom: 57.142857142857%;' ><li style='background-position:center center;' data-img-url='https:\/\/www.gartenbau-bashkim-gashi.de\/wp-content\/uploads\/2023\/10\/33C20B4E-94CD-4835-92E4-8FAA02CDF629.jpg' class=' av-single-slide slide-1 ' ><div data-rel='slideshow-1' class='avia-slide-wrap '   ><\/div><\/li><\/ul><\/div><\/div>\n<div id='fullscreen_slider_2'  class='avia-fullscreen-slider main_color  av-desktop-hide  avia-builder-el-1  el_after_av_fullscreen  el_before_av_layout_row   slider-not-first container_wrap sidebar_right'  ><a href='#next-section' title='' class='scroll-down-link av-control-hidden' aria-hidden='true' data-av_icon='\ue877' data-av_iconfont='entypo-fontello'><\/a><div   data-size='no scaling'  data-lightbox_size='large'  data-animation='fade'  data-conditional_play=''  data-ids='2274'  data-video_counter='0'  data-autoplay='false'  data-bg_slider='true'  data-slide_height='100'  data-handle='av_fullscreen'  data-interval='7'  data-class=' '  data-el_id=''  data-css_id='fullscreen_slider_2'  data-scroll_down='aviaTBscroll_down'  data-control_layout='av-control-hidden'  data-custom_markup=''  data-perma_caption=''  data-autoplay_stopper=''  data-image_attachment=''  data-min_height='0px'  data-lazy_loading='disabled'  data-stretch=''  data-img_scrset=''  class='avia-slideshow avia-slideshow-2 av-slider-scroll-down-active av-control-hidden av-default-height-applied avia-slideshow-no scaling av_fullscreen   avia-fade-slider '  itemprop=\"image\" itemscope=\"itemscope\" itemtype=\"https:\/\/schema.org\/ImageObject\" ><ul class='avia-slideshow-inner ' style='padding-bottom: 100%;' ><li style='background-position:center center;' data-img-url='https:\/\/www.gartenbau-bashkim-gashi.de\/wp-content\/uploads\/2023\/10\/D693A53C-A371-4CEF-BA8B-9B9924F6A032.jpg' class=' av-single-slide slide-1 ' ><div data-rel='slideshow-2' class='avia-slide-wrap '   ><\/div><\/li><\/ul><\/div><\/div>\n<div id='welcome'  class='av-layout-grid-container entry-content-wrapper main_color av-fixed-cells     avia-builder-el-2  el_after_av_fullscreen  el_before_av_layout_row  submenu-not-first container_wrap sidebar_right'  >\n<div class=\"flex_cell no_margin av_one_fourth  avia-builder-el-3  el_before_av_cell_one_fourth  avia-builder-el-first   av-zero-padding \"  style='height:15px; min-height:15px;vertical-align:top; padding:0px; background-color:#719430; ' ><div class='flex_cell_inner' ><\/div><\/div><div class=\"flex_cell no_margin av_one_fourth  avia-builder-el-4  el_after_av_cell_one_fourth  el_before_av_cell_one_fourth   av-zero-padding \"  style='height:15px; min-height:15px;vertical-align:top; padding:0px; background-color:#92bb46; ' ><div class='flex_cell_inner' ><\/div><\/div><div class=\"flex_cell no_margin av_one_fourth  avia-builder-el-5  el_after_av_cell_one_fourth  el_before_av_cell_one_fourth   av-zero-padding \"  style='height:15px; min-height:15px;vertical-align:top; padding:0px; background-color:#acd464; ' ><div class='flex_cell_inner' ><\/div><\/div><div class=\"flex_cell no_margin av_one_fourth  avia-builder-el-6  el_after_av_cell_one_fourth  avia-builder-el-last   av-zero-padding \"  style='height:15px; min-height:15px;vertical-align:top; padding:0px; background-color:#e1fbb2; ' ><div class='flex_cell_inner' ><\/div><\/div>\n<\/div>\n<div id='hello'  class='av-layout-grid-container entry-content-wrapper main_color av-flex-cells     avia-builder-el-7  el_after_av_layout_row  avia-builder-el-last  submenu-not-first container_wrap sidebar_right'  >\n<div class=\"flex_cell no_margin av_one_full  avia-builder-el-8  avia-builder-el-no-sibling   \"  style='vertical-align:top; padding:100px; ' ><div class='flex_cell_inner' ><p>\n<style type=\"text\/css\" data-created_by=\"avia_inline_auto\" id=\"style-css-av-k83bf7ut-c6ac31f4f04430c8f120f68730410498\">\n#top .av-special-heading.av-k83bf7ut-c6ac31f4f04430c8f120f68730410498{\npadding-bottom:30px;\nfont-size:70px;\n}\n<\/style>\n<div  class='av-special-heading av-k83bf7ut-c6ac31f4f04430c8f120f68730410498 av-special-heading-h1 blockquote modern-quote modern-centered  avia-builder-el-9  el_before_av_textblock  avia-builder-el-first  av-inherit-size '><h1 class='av-special-heading-tag '  itemprop=\"headline\"  >Als Garten-\/ und Landschaftsbauer (m\/w\/d)<\/h1><div class='special-heading-border'><div class='special-heading-inner-border'><\/div><\/div><\/div><br \/>\n<section class=\"av_textblock_section \"  itemscope=\"itemscope\" itemtype=\"https:\/\/schema.org\/CreativeWork\" ><div class='avia_textblock  '   itemprop=\"text\" ><p class=\"has-text-align-center has-col-000000-color has-text-color\" style=\"text-align: center;\">Du hast nicht nur einen gr\u00fcnen Daumen sondern gleich zwei? Ein Garten ist f\u00fcr Dich Landschaft und Wellnessoase zugleich?<strong> Dann suchen wir Dich f\u00fcr unser Team!<\/strong><\/p>\n<p style=\"text-align: center;\">\n<p class=\"has-text-align-center\" style=\"text-align: center;\">Bewirb Dich jetzt, per Mail oder Telefon:<\/p>\n<p style=\"text-align: center;\">Dein Ansprechpartner: Bashkim Gashi<br \/>\n<strong>Handy. <\/strong>01578 44 64 527<br \/>\n<strong>Tel. <\/strong>05136 80 12 776<br \/>\n<strong>Mail. <\/strong><a href=\"mailto:info@gartenbau-bashkim-gashi.de\">info@gartenbau-bashkim-gashi.de<\/a><\/p>\n<\/div><\/section><\/p>\n<\/div><\/div>\n<\/div>\n","protected":false},"excerpt":{"rendered":"","protected":false},"author":3,"featured_media":0,"parent":2041,"menu_order":1,"comment_status":"closed","ping_status":"closed","template":"","meta":{"footnotes":""},"class_list":["post-2257","page","type-page","status-publish","hentry"],"_links":{"self":[{"href":"https:\/\/www.gartenbau-bashkim-gashi.de\/index.php?rest_route=\/wp\/v2\/pages\/2257","targetHints":{"allow":["GET"]}}],"collection":[{"href":"https:\/\/www.gartenbau-bashkim-gashi.de\/index.php?rest_route=\/wp\/v2\/pages"}],"about":[{"href":"https:\/\/www.gartenbau-bashkim-gashi.de\/index.php?rest_route=\/wp\/v2\/types\/page"}],"author":[{"embeddable":true,"href":"https:\/\/www.gartenbau-bashkim-gashi.de\/index.php?rest_route=\/wp\/v2\/users\/3"}],"replies":[{"embeddable":true,"href":"https:\/\/www.gartenbau-bashkim-gashi.de\/index.php?rest_route=%2Fwp%2Fv2%2Fcomments&post=2257"}],"version-history":[{"count":30,"href":"https:\/\/www.gartenbau-bashkim-gashi.de\/index.php?rest_route=\/wp\/v2\/pages\/2257\/revisions"}],"predecessor-version":[{"id":2308,"href":"https:\/\/www.gartenbau-bashkim-gashi.de\/index.php?rest_route=\/wp\/v2\/pages\/2257\/revisions\/2308"}],"up":[{"embeddable":true,"href":"https:\/\/www.gartenbau-bashkim-gashi.de\/index.php?rest_route=\/wp\/v2\/pages\/2041"}],"wp:attachment":[{"href":"https:\/\/www.gartenbau-bashkim-gashi.de\/index.php?rest_route=%2Fwp%2Fv2%2Fmedia&parent=2257"}],"curies":[{"name":"wp","href":"https:\/\/api.w.org\/{rel}","templated":true}]}}