{"id":2041,"date":"2016-05-23T10:30:12","date_gmt":"2016-05-23T10:30:12","guid":{"rendered":"http:\/\/test.kriesi.at\/enfold-health-coach\/?page_id=253"},"modified":"2023-05-15T17:33:33","modified_gmt":"2023-05-15T17:33:33","slug":"ueber-uns","status":"publish","type":"page","link":"https:\/\/www.gartenbau-bashkim-gashi.de\/?page_id=2041","title":{"rendered":"\u00dcber uns"},"content":{"rendered":"<div id='fullscreen_slider_1'  class='avia-fullscreen-slider main_color   avia-builder-el-0  el_before_av_layout_row  avia-builder-el-first   container_wrap sidebar_right'  ><div   data-size='extra_large'  data-lightbox_size='large'  data-animation='slide'  data-conditional_play=''  data-ids='1798'  data-video_counter='0'  data-autoplay='false'  data-bg_slider='true'  data-slide_height='100'  data-handle='av_fullscreen'  data-interval='5'  data-class=' '  data-el_id=''  data-css_id='fullscreen_slider_1'  data-scroll_down=''  data-control_layout='av-control-hidden'  data-custom_markup=''  data-perma_caption=''  data-autoplay_stopper=''  data-image_attachment=''  data-min_height='0px'  data-lazy_loading='disabled'  data-stretch=''  data-img_scrset=''  data-default-height='100'  class='avia-slideshow avia-slideshow-1  av-control-hidden av-default-height-applied avia-slideshow-extra_large av_fullscreen   avia-slide-slider '  itemprop=\"image\" itemscope=\"itemscope\" itemtype=\"https:\/\/schema.org\/ImageObject\" ><ul class='avia-slideshow-inner ' style='padding-bottom: 56.266666666667%;' ><li style='background-position:center center;' data-img-url='https:\/\/www.gartenbau-bashkim-gashi.de\/wp-content\/uploads\/2020\/03\/20180621_163712-scaled.jpg' class=' av-single-slide slide-1 ' ><div data-rel='slideshow-1' class='avia-slide-wrap '   ><\/div><\/li><\/ul><\/div><\/div>\n<div id='welcome'  class='av-layout-grid-container entry-content-wrapper main_color av-fixed-cells     avia-builder-el-1  el_after_av_fullscreen  el_before_av_layout_row  submenu-not-first container_wrap sidebar_right'  >\n<div class=\"flex_cell no_margin av_one_fourth  avia-builder-el-2  el_before_av_cell_one_fourth  avia-builder-el-first   av-zero-padding \"  style='height:15px; min-height:15px;vertical-align:top; padding:0px; background-color:#719430; ' ><div class='flex_cell_inner' ><\/div><\/div><div class=\"flex_cell no_margin av_one_fourth  avia-builder-el-3  el_after_av_cell_one_fourth  el_before_av_cell_one_fourth   av-zero-padding \"  style='height:15px; min-height:15px;vertical-align:top; padding:0px; background-color:#92bb46; ' ><div class='flex_cell_inner' ><\/div><\/div><div class=\"flex_cell no_margin av_one_fourth  avia-builder-el-4  el_after_av_cell_one_fourth  el_before_av_cell_one_fourth   av-zero-padding \"  style='height:15px; min-height:15px;vertical-align:top; padding:0px; background-color:#acd464; ' ><div class='flex_cell_inner' ><\/div><\/div><div class=\"flex_cell no_margin av_one_fourth  avia-builder-el-5  el_after_av_cell_one_fourth  avia-builder-el-last   av-zero-padding \"  style='height:15px; min-height:15px;vertical-align:top; padding:0px; background-color:#e1fbb2; ' ><div class='flex_cell_inner' ><\/div><\/div>\n<\/div>\n<div id='welcome'  class='av-layout-grid-container entry-content-wrapper main_color av-fixed-cells     avia-builder-el-6  el_after_av_layout_row  el_before_av_section  submenu-not-first container_wrap sidebar_right'  >\n<div class=\"flex_cell no_margin av_one_fourth  avia-builder-el-7  el_before_av_cell_one_fourth  avia-builder-el-first   av-zero-padding \"  style='height:15px; min-height:15px;vertical-align:top; padding:0px; background-color:#719430; ' ><div class='flex_cell_inner' ><\/div><\/div><div class=\"flex_cell no_margin av_one_fourth  avia-builder-el-8  el_after_av_cell_one_fourth  el_before_av_cell_one_fourth   av-zero-padding \"  style='height:15px; min-height:15px;vertical-align:top; padding:0px; background-color:#92bb46; ' ><div class='flex_cell_inner' ><\/div><\/div><div class=\"flex_cell no_margin av_one_fourth  avia-builder-el-9  el_after_av_cell_one_fourth  el_before_av_cell_one_fourth   av-zero-padding \"  style='height:15px; min-height:15px;vertical-align:top; padding:0px; background-color:#acd464; ' ><div class='flex_cell_inner' ><\/div><\/div><div class=\"flex_cell no_margin av_one_fourth  avia-builder-el-10  el_after_av_cell_one_fourth  avia-builder-el-last   av-zero-padding \"  style='height:15px; min-height:15px;vertical-align:top; padding:0px; background-color:#e1fbb2; ' ><div class='flex_cell_inner' ><\/div><\/div>\n<\/div>\n\n<style type=\"text\/css\" data-created_by=\"avia_inline_auto\" id=\"style-css-av-15tt5cp-699b106d6604839ff4384485255d8ae1\">\n.avia-section.av-15tt5cp-699b106d6604839ff4384485255d8ae1{\nbackground-repeat:no-repeat;\nbackground-image:url(https:\/\/www.gartenbau-bashkim-gashi.de\/wp-content\/uploads\/2016\/05\/wheat-background.jpg);\nbackground-position:50% 50%;\nbackground-attachment:scroll;\n}\n.avia-section.av-15tt5cp-699b106d6604839ff4384485255d8ae1 .av-section-color-overlay{\nopacity:0.8;\nbackground-color:#719430;\n}\n<\/style>\n<div id='av_section_1'  class='avia-section av-15tt5cp-699b106d6604839ff4384485255d8ae1 main_color avia-section-huge avia-no-shadow  avia-builder-el-11  el_after_av_layout_row  el_before_av_layout_row  avia-full-stretch avia-bg-style-scroll av-section-color-overlay-active  container_wrap sidebar_right'  data-section-bg-repeat='stretch'><div class='av-section-color-overlay-wrap'><div class=\"av-section-color-overlay\"><\/div><div class='container av-section-cont-open' ><div class='template-page content  av-content-small alpha units'><div class='post-entry post-entry-type-page post-entry-2041'><div class='entry-content-wrapper clearfix'>\n\n<style type=\"text\/css\" data-created_by=\"avia_inline_auto\" id=\"style-css-av-k83d2jyv-8c0f934b649899dcffd8f2d8281771f6\">\n#top .av-special-heading.av-k83d2jyv-8c0f934b649899dcffd8f2d8281771f6{\npadding-bottom:30px;\ncolor:#ffffff;\nfont-size:70px;\n}\n.av-special-heading.av-k83d2jyv-8c0f934b649899dcffd8f2d8281771f6 .special-heading-inner-border{\nborder-color:#ffffff;\n}\n<\/style>\n<div  class='av-special-heading av-k83d2jyv-8c0f934b649899dcffd8f2d8281771f6 av-special-heading-h1 custom-color-heading blockquote modern-quote modern-centered  avia-builder-el-12  el_before_av_hr  avia-builder-el-first  av-inherit-size '><h1 class='av-special-heading-tag '  itemprop=\"headline\"  >Unsere Dienstleistungen <\/h1><div class='special-heading-border'><div class='special-heading-inner-border'><\/div><\/div><\/div>\n\n<style type=\"text\/css\" data-created_by=\"avia_inline_auto\" id=\"style-css-av-12ht8dl-2d64fed4532ff994b0bc04f9feb3819b\">\n#top .hr.hr-invisible.av-12ht8dl-2d64fed4532ff994b0bc04f9feb3819b{\nheight:30px;\n}\n<\/style>\n<div  class='hr av-12ht8dl-2d64fed4532ff994b0bc04f9feb3819b hr-invisible  avia-builder-el-13  el_after_av_heading  el_before_av_one_half  '><span class='hr-inner '><span class=\"hr-inner-style\"><\/span><\/span><\/div>\n<div class='flex_column_table av-11as8hl-42e1e722eddf44f9dc3c10a8e50bee05 sc-av_one_half av-equal-height-column-flextable'>\n<style type=\"text\/css\" data-created_by=\"avia_inline_auto\" id=\"style-css-av-11as8hl-42e1e722eddf44f9dc3c10a8e50bee05\">\n.flex_column.av-11as8hl-42e1e722eddf44f9dc3c10a8e50bee05{\nborder-radius:0px 0px 0px 0px;\n-webkit-border-radius:0px 0px 0px 0px;\n-moz-border-radius:0px 0px 0px 0px;\npadding:40px 40px 40px 40px;\nbackground-color:rgba(255,255,255,0.9);\n}\n<\/style>\n<div class='flex_column av-11as8hl-42e1e722eddf44f9dc3c10a8e50bee05 av_one_half  avia-builder-el-14  el_after_av_hr  el_before_av_one_half  first flex_column_table_cell av-equal-height-column av-align-top  av-animated-generic fade-in '   ><p>\n<style type=\"text\/css\" data-created_by=\"avia_inline_auto\" id=\"style-css-av-k83d4dvx-2e0710bd594e4403dbd414cf2221a94e\">\n#top .av-special-heading.av-k83d4dvx-2e0710bd594e4403dbd414cf2221a94e{\npadding-bottom:0px;\n}\n.av-special-heading.av-k83d4dvx-2e0710bd594e4403dbd414cf2221a94e .av-subheading{\nfont-size:15px;\n}\n<\/style>\n<div  class='av-special-heading av-k83d4dvx-2e0710bd594e4403dbd414cf2221a94e av-special-heading-h1 blockquote modern-quote  avia-builder-el-15  el_before_av_hr  avia-builder-el-first  '><h1 class='av-special-heading-tag '  itemprop=\"headline\"  >Gartengestaltung<\/h1><div class='av-subheading av-subheading_below '><p>Wir schaffen Ihnen ein bezauberndes Gartenparadies in Hannover und der Region!<\/p>\n<p>Planen Sie mit uns Ihren pers\u00f6nlichen Traumgarten &#8211; ob Sie den Garten ganz neu anlegen oder einen bestehenden versch\u00f6nern wollen, wir begleiten Sie durch die gesamte Gestaltung.Gemeinsam \u00fcberlegen wir, welchen Stil Ihr Garten haben soll und planen auch gleich m\u00f6gliche Gartendeko mit ein. <\/p>\n<p>Die wichtigste Voraussetzung f\u00fcr eine gelungene Gestaltung sind die Kenntnisse \u00fcber die Beschaffenheit des Gartenbodens, die Bl\u00fchphasen und Wuchsh\u00f6hen der Pflanzen, sowie sorgf\u00e4ltige Planung &#8211; und geenau daf\u00fcr stehen wir!<\/p>\n<\/div><div class='special-heading-border'><div class='special-heading-inner-border'><\/div><\/div><\/div><br \/>\n\n<style type=\"text\/css\" data-created_by=\"avia_inline_auto\" id=\"style-css-av-uy4xbt-30604762640c20801873e939c11aef2c\">\n#top .hr.av-uy4xbt-30604762640c20801873e939c11aef2c{\nmargin-top:10px;\nmargin-bottom:30px;\n}\n.hr.av-uy4xbt-30604762640c20801873e939c11aef2c .hr-inner{\nwidth:50px;\n}\n<\/style>\n<div  class='hr av-uy4xbt-30604762640c20801873e939c11aef2c hr-custom  avia-builder-el-16  el_after_av_heading  el_before_av_heading  hr-left hr-icon-no '><span class='hr-inner inner-border-av-border-fat'><span class=\"hr-inner-style\"><\/span><\/span><\/div><br \/>\n\n<style type=\"text\/css\" data-created_by=\"avia_inline_auto\" id=\"style-css-av-k83d4dvx-7d83618480d8a441b894a08fdda1deaf\">\n#top .av-special-heading.av-k83d4dvx-7d83618480d8a441b894a08fdda1deaf{\npadding-bottom:0px;\n}\n.av-special-heading.av-k83d4dvx-7d83618480d8a441b894a08fdda1deaf .av-subheading{\nfont-size:15px;\n}\n<\/style>\n<div  class='av-special-heading av-k83d4dvx-7d83618480d8a441b894a08fdda1deaf av-special-heading-h1 blockquote modern-quote  avia-builder-el-17  el_after_av_hr  el_before_av_hr  '><h1 class='av-special-heading-tag '  itemprop=\"headline\"  >Gartenpflege<\/h1><div class='av-subheading av-subheading_below '><p>Sobald die ersten Blumen anfangen zu bl\u00fchen, sollten die \u00fcber den Winter stehen gebliebenen Gr\u00e4ser verschnitten werden, um Platz f\u00fcr neu wachsende Pflanzen schaffen. <\/p>\n<p>Zwischen Fr\u00fchjahr und sp\u00e4tem Herbst geh\u00f6rt zur Pflege auch das regelm\u00e4\u00dfige Schneiden des Rasens und der Rasenkanten. Verbl\u00fchte Blumen sollten regelm\u00e4\u00dfig ausgewechselt werden und Rosen und andere Blumen verschnitten werden. Selbstverst\u00e4ndlich geh\u00f6rt auch das Unkrautentfernen zur Pflege.<\/p>\n<p>Ob es Ihre kleine Oase oder ein Gro\u00dfprojekt ist: wir bieten Ihnen eine zuverl\u00e4ssige Objektbetreuung f\u00fcr jede Gr\u00f6\u00dfe!<\/p>\n<\/div><div class='special-heading-border'><div class='special-heading-inner-border'><\/div><\/div><\/div><br \/>\n\n<style type=\"text\/css\" data-created_by=\"avia_inline_auto\" id=\"style-css-av-p64ppl-c11f874047d2c0763f675ad4f8cb5572\">\n#top .hr.av-p64ppl-c11f874047d2c0763f675ad4f8cb5572{\nmargin-top:10px;\nmargin-bottom:30px;\n}\n.hr.av-p64ppl-c11f874047d2c0763f675ad4f8cb5572 .hr-inner{\nwidth:50px;\n}\n<\/style>\n<div  class='hr av-p64ppl-c11f874047d2c0763f675ad4f8cb5572 hr-custom  avia-builder-el-18  el_after_av_heading  el_before_av_heading  hr-left hr-icon-no '><span class='hr-inner inner-border-av-border-fat'><span class=\"hr-inner-style\"><\/span><\/span><\/div><br \/>\n\n<style type=\"text\/css\" data-created_by=\"avia_inline_auto\" id=\"style-css-av-k83d4dvx-ea4c24b7b437cdd85123fcb08d7ade77\">\n#top .av-special-heading.av-k83d4dvx-ea4c24b7b437cdd85123fcb08d7ade77{\npadding-bottom:0px;\n}\n.av-special-heading.av-k83d4dvx-ea4c24b7b437cdd85123fcb08d7ade77 .av-subheading{\nfont-size:15px;\n}\n<\/style>\n<div  class='av-special-heading av-k83d4dvx-ea4c24b7b437cdd85123fcb08d7ade77 av-special-heading-h1 blockquote modern-quote  avia-builder-el-19  el_after_av_hr  el_before_av_hr  '><h1 class='av-special-heading-tag '  itemprop=\"headline\"  >Baumf\u00e4llung<\/h1><div class='av-subheading av-subheading_below '><p>Kranke oder von Sturm gesch\u00e4digte B\u00e4ume k\u00f6nnen schnell zu einer Gefahr f\u00fcr Sie und Ihr Heim werden! Aus diesem Grund bieten wir Ihnen unsere Dienstleistungen rund um die Pflege und F\u00e4llung von B\u00e4umen an. <\/p>\n<p>Vor jeder Ma\u00dfnahme f\u00fchren wir immer eine genaue Begutachtung des Baumes durch und empfehlen Ihnen auf dieser Basis die geeigneten M\u00f6glichkeiten.<\/p>\n<\/div><div class='special-heading-border'><div class='special-heading-inner-border'><\/div><\/div><\/div><br \/>\n\n<style type=\"text\/css\" data-created_by=\"avia_inline_auto\" id=\"style-css-av-p64ppl-c11f874047d2c0763f675ad4f8cb5572\">\n#top .hr.av-p64ppl-c11f874047d2c0763f675ad4f8cb5572{\nmargin-top:10px;\nmargin-bottom:30px;\n}\n.hr.av-p64ppl-c11f874047d2c0763f675ad4f8cb5572 .hr-inner{\nwidth:50px;\n}\n<\/style>\n<div  class='hr av-p64ppl-c11f874047d2c0763f675ad4f8cb5572 hr-custom  avia-builder-el-20  el_after_av_heading  el_before_av_heading  hr-left hr-icon-no '><span class='hr-inner inner-border-av-border-fat'><span class=\"hr-inner-style\"><\/span><\/span><\/div><br \/>\n\n<style type=\"text\/css\" data-created_by=\"avia_inline_auto\" id=\"style-css-av-k83d4dvx-f4b86f5c672b3e4f513446358aed3d3f\">\n#top .av-special-heading.av-k83d4dvx-f4b86f5c672b3e4f513446358aed3d3f{\npadding-bottom:0px;\n}\n.av-special-heading.av-k83d4dvx-f4b86f5c672b3e4f513446358aed3d3f .av-subheading{\nfont-size:15px;\n}\n<\/style>\n<div  class='av-special-heading av-k83d4dvx-f4b86f5c672b3e4f513446358aed3d3f av-special-heading-h1 blockquote modern-quote  avia-builder-el-21  el_after_av_hr  el_before_av_hr  '><h1 class='av-special-heading-tag '  itemprop=\"headline\"  >Rollrasen<\/h1><div class='av-subheading av-subheading_below '><p>Rollrasen ist ein vollkommen nat\u00fcrlicher Fertigrasen, der auf gro\u00dfen Fl\u00e4chen anges\u00e4t und nach seinem Anwachsen gesch\u00e4lt wird. Rollrasen ben\u00f6tigt zum Anwachsen einige Monate &#8211; in dieser Zeit wird er von lokalen professionellen G\u00e4rtnern gepflegt, sodass sich eine dichte, geschlossene Grasnarbe entwickelt. Nach der Ernte wird der frische Rollrasen innerhalb von 24 Stunden zu Ihnen geliefert.<\/p>\n<p>Dieser Rollrasen bringt sofort frisches Gr\u00fcn auf Ihre Fl\u00e4chen. Sie erhalten einen Rasen in sattem Gr\u00fcn. und aus der kahlen Stelle um Ihr Heim wird innerhalb eines Tages ein &#8222;gr\u00fcner Wohlf\u00fchlteppich&#8220;. <\/p>\n<p>Wir begleiten Sie auf Ihrem Weg zu Ihrem perfekten Rasen &#8211; von ersten Vorstellungen bis zur Fertigstellung Ihres Wunschrasens.<\/p>\n<\/div><div class='special-heading-border'><div class='special-heading-inner-border'><\/div><\/div><\/div><br \/>\n\n<style type=\"text\/css\" data-created_by=\"avia_inline_auto\" id=\"style-css-av-p64ppl-c11f874047d2c0763f675ad4f8cb5572\">\n#top .hr.av-p64ppl-c11f874047d2c0763f675ad4f8cb5572{\nmargin-top:10px;\nmargin-bottom:30px;\n}\n.hr.av-p64ppl-c11f874047d2c0763f675ad4f8cb5572 .hr-inner{\nwidth:50px;\n}\n<\/style>\n<div  class='hr av-p64ppl-c11f874047d2c0763f675ad4f8cb5572 hr-custom  avia-builder-el-22  el_after_av_heading  avia-builder-el-last  hr-left hr-icon-no '><span class='hr-inner inner-border-av-border-fat'><span class=\"hr-inner-style\"><\/span><\/span><\/div><\/p><\/div><div class='av-flex-placeholder'><\/div>\n<style type=\"text\/css\" data-created_by=\"avia_inline_auto\" id=\"style-css-av-ky1qy1-c6ea6daf081553515581629656cf012c\">\n.flex_column.av-ky1qy1-c6ea6daf081553515581629656cf012c{\nborder-radius:0px 0px 0px 0px;\n-webkit-border-radius:0px 0px 0px 0px;\n-moz-border-radius:0px 0px 0px 0px;\npadding:40px 40px 40px 40px;\nbackground-color:rgba(255,255,255,0.9);\n}\n<\/style>\n<div class='flex_column av-ky1qy1-c6ea6daf081553515581629656cf012c av_one_half  avia-builder-el-23  el_after_av_one_half  avia-builder-el-last  flex_column_table_cell av-equal-height-column av-align-top  av-animated-generic fade-in '   ><p>\n<style type=\"text\/css\" data-created_by=\"avia_inline_auto\" id=\"style-css-av-k83d4dvx-acb10710ccfceea1b4c31e9abc1ef37e\">\n#top .av-special-heading.av-k83d4dvx-acb10710ccfceea1b4c31e9abc1ef37e{\npadding-bottom:0px;\n}\n.av-special-heading.av-k83d4dvx-acb10710ccfceea1b4c31e9abc1ef37e .av-subheading{\nfont-size:15px;\n}\n<\/style>\n<div  class='av-special-heading av-k83d4dvx-acb10710ccfceea1b4c31e9abc1ef37e av-special-heading-h1 blockquote modern-quote  avia-builder-el-24  el_before_av_hr  avia-builder-el-first  '><h1 class='av-special-heading-tag '  itemprop=\"headline\"  >Pflasterarbeiten aller Art<\/h1><div class='av-subheading av-subheading_below '><p>Sie planen eine Neugestaltung Ihres Gartens oder eine General\u00fcberholung? Wir entwickeln mit Ihnen einen gemeinsamen Plan f\u00fcr ihre Pflasterarbeiten und begleiten Sie bei der Planung, Umsetzung und Abnahme der zu pflasternden Elemente.<\/p>\n<p>Ob kleine oder gro\u00dfe Fl\u00e4chen oder H\u00f6henunterschiede, die zu \u00fcberwinden sind. Wir arbeiten professionell und zuverl\u00e4ssig. Durch unsere Auswahl an verschiedenen Gro\u00dfh\u00e4ndlern k\u00f6nnen wir Ihnen ein breites Spektrum an Materialien zur Auswahl f\u00fcr Ihr Grundst\u00fcck geben <\/p>\n<p>Gemeinsam mit Ihnen gestalten wir Ihr Heim nach Ihren individuellen W\u00fcnschen. Von Natursteinpflaster aller Art bis hin zu Betonpflaster gestalten wir Ihre Gartenwege, Hofeinfahrten oder Terrassen ganz nach Ihren W\u00fcnschen und Vorstellungen.<\/p>\n<\/div><div class='special-heading-border'><div class='special-heading-inner-border'><\/div><\/div><\/div><br \/>\n\n<style type=\"text\/css\" data-created_by=\"avia_inline_auto\" id=\"style-css-av-3amvkp-054763ea9530f9e9880454ec3db8b2c1\">\n#top .hr.av-3amvkp-054763ea9530f9e9880454ec3db8b2c1{\nmargin-top:10px;\nmargin-bottom:30px;\n}\n.hr.av-3amvkp-054763ea9530f9e9880454ec3db8b2c1 .hr-inner{\nwidth:50px;\n}\n<\/style>\n<div  class='hr av-3amvkp-054763ea9530f9e9880454ec3db8b2c1 hr-custom  avia-builder-el-25  el_after_av_heading  el_before_av_heading  hr-left hr-icon-no '><span class='hr-inner inner-border-av-border-fat'><span class=\"hr-inner-style\"><\/span><\/span><\/div><br \/>\n\n<style type=\"text\/css\" data-created_by=\"avia_inline_auto\" id=\"style-css-av-k83d4dvx-11e5096c78889bd8c1550200f7f67047\">\n#top .av-special-heading.av-k83d4dvx-11e5096c78889bd8c1550200f7f67047{\npadding-bottom:0px;\n}\n.av-special-heading.av-k83d4dvx-11e5096c78889bd8c1550200f7f67047 .av-subheading{\nfont-size:15px;\n}\n<\/style>\n<div  class='av-special-heading av-k83d4dvx-11e5096c78889bd8c1550200f7f67047 av-special-heading-h1 blockquote modern-quote  avia-builder-el-26  el_after_av_hr  el_before_av_hr  '><h1 class='av-special-heading-tag '  itemprop=\"headline\"  >Trockenmauer<\/h1><div class='av-subheading av-subheading_below '><p>Trockenmauern sind nicht nur optisch und \u00f6kologisch eine Bereicherung f\u00fcr Ihren Garten &#8211; Trockenmauern werden als St\u00fctzmauer f\u00fcr Terrassen, als Einfassung f\u00fcr Hochbeete oder freistehend zur Unterteilung und Abgrenzung des Gartens gebaut. <\/p>\n<p>Jede Trockenmauer ist anders! Beim Bau einer Trockenmauer finden Natursteine, wie in den Farben Sandstein, Grauwacke, Muschelkalk, oder auch Quarzit Verwendung. Die Steine sind grunds\u00e4tzlich nur wenig bis gar nicht nachbearbeitet.<\/p>\n<p>Eine professionell errichtete Trockenmauer kann ewig halten und muss nicht teuer sein. Wir beraten Sie individuell zu allen Fragen rund um das Thema Trockenmauer und Ihren pers\u00f6nlichen Vorstellungen. Gemeinsam w\u00e4hlen wir aus verschiedenen Bauarten, die f\u00fcr Sie am besten geeignete M\u00f6glichkeit Ihren Wunsch umzusetzen.<\/p>\n<\/div><div class='special-heading-border'><div class='special-heading-inner-border'><\/div><\/div><\/div><br \/>\n\n<style type=\"text\/css\" data-created_by=\"avia_inline_auto\" id=\"style-css-av-p64ppl-c11f874047d2c0763f675ad4f8cb5572\">\n#top .hr.av-p64ppl-c11f874047d2c0763f675ad4f8cb5572{\nmargin-top:10px;\nmargin-bottom:30px;\n}\n.hr.av-p64ppl-c11f874047d2c0763f675ad4f8cb5572 .hr-inner{\nwidth:50px;\n}\n<\/style>\n<div  class='hr av-p64ppl-c11f874047d2c0763f675ad4f8cb5572 hr-custom  avia-builder-el-27  el_after_av_heading  el_before_av_heading  hr-left hr-icon-no '><span class='hr-inner inner-border-av-border-fat'><span class=\"hr-inner-style\"><\/span><\/span><\/div><br \/>\n\n<style type=\"text\/css\" data-created_by=\"avia_inline_auto\" id=\"style-css-av-k83d4dvx-0c2d8fc6db64208c15ecbb16da7b3628\">\n#top .av-special-heading.av-k83d4dvx-0c2d8fc6db64208c15ecbb16da7b3628{\npadding-bottom:0px;\n}\n.av-special-heading.av-k83d4dvx-0c2d8fc6db64208c15ecbb16da7b3628 .av-subheading{\nfont-size:15px;\n}\n<\/style>\n<div  class='av-special-heading av-k83d4dvx-0c2d8fc6db64208c15ecbb16da7b3628 av-special-heading-h1 blockquote modern-quote  avia-builder-el-28  el_after_av_hr  el_before_av_hr  '><h1 class='av-special-heading-tag '  itemprop=\"headline\"  >Holzterrassen<\/h1><div class='av-subheading av-subheading_below '><p>Terrassen oder Balkone aus Holz oder WPC geben Ihnen viele M\u00f6glichkeiten Ihrem Garten oder Balkon einen Hauch von Luxus zu verleihen. Die richtige Wahl Ihrer Terrassendielen h\u00e4ngt davon ab, wof\u00fcr Sie diese nutzen und wie stark Sie diese beanspruchen wollen.<\/p>\n<p>Ob glatt oder geriffelt, hell, dunkel, mit oder ohne Holzstruktur &#8211; Terrassendielen sind in zahlreichen Ausf\u00fchrungen erh\u00e4ltlich und wir beraten Sie ausf\u00fchrlich bei Ihrer pers\u00f6nlichen Entscheidungsfindung.<\/p>\n<\/div><div class='special-heading-border'><div class='special-heading-inner-border'><\/div><\/div><\/div><br \/>\n\n<style type=\"text\/css\" data-created_by=\"avia_inline_auto\" id=\"style-css-av-p64ppl-c11f874047d2c0763f675ad4f8cb5572\">\n#top .hr.av-p64ppl-c11f874047d2c0763f675ad4f8cb5572{\nmargin-top:10px;\nmargin-bottom:30px;\n}\n.hr.av-p64ppl-c11f874047d2c0763f675ad4f8cb5572 .hr-inner{\nwidth:50px;\n}\n<\/style>\n<div  class='hr av-p64ppl-c11f874047d2c0763f675ad4f8cb5572 hr-custom  avia-builder-el-29  el_after_av_heading  el_before_av_heading  hr-left hr-icon-no '><span class='hr-inner inner-border-av-border-fat'><span class=\"hr-inner-style\"><\/span><\/span><\/div><br \/>\n\n<style type=\"text\/css\" data-created_by=\"avia_inline_auto\" id=\"style-css-av-k83d4dvx-71385807b516b40f69d9478e6e80e6cb\">\n#top .av-special-heading.av-k83d4dvx-71385807b516b40f69d9478e6e80e6cb{\npadding-bottom:0px;\n}\n.av-special-heading.av-k83d4dvx-71385807b516b40f69d9478e6e80e6cb .av-subheading{\nfont-size:15px;\n}\n<\/style>\n<div  class='av-special-heading av-k83d4dvx-71385807b516b40f69d9478e6e80e6cb av-special-heading-h1 blockquote modern-quote  avia-builder-el-30  el_after_av_hr  el_before_av_hr  '><h1 class='av-special-heading-tag '  itemprop=\"headline\"  >Zaunbau <span class='special_amp'>&amp;<\/span> Sichtschutz<\/h1><div class='av-subheading av-subheading_below '><p>Um Ihren Garten als Paradies zum Ausspannen und Ausruhen genie\u00dfen zu k\u00f6nnen, geh\u00f6rt es auch, dass Sie ungest\u00f6rt sein k\u00f6nnen. Z\u00e4une und Sichtschutzelemente geben Ihnen eine Vielzahl an M\u00f6glichkeiten aus Materialien, wie Holz, Doppelstab und Maschendraht, Farben und Formen Ihre individuellen Vorstellungen und W\u00fcnsche zu verwirklichen. <\/p>\n<p>Wir beraten Sie beim Zaunbau und \u00fcbernehmen die Planung und Montage Ihrer Zaunanlage. So k\u00f6nnen Schmuckz\u00e4une und Toranlagen Ihrem Heim einen dekorativen Rahmen geben. Gabionen-Zaunsysteme als Sichtschutz sind ebenfalls ein sehr beliebtes Stilelement und begeistern durch Ihr Design und durch Ihre vielseitigen Einsatzm\u00f6glichkeiten. Auch S\u00e4ulen f\u00fcr Eckausbildungen und diverse Steinf\u00fcllungen lassen sich hier individuell kombinieren.<\/p>\n<p>Wir finden gemeinsam eine richtige L\u00f6sung f\u00fcr Sie und Ihren Wunschgarten.<\/p>\n<\/div><div class='special-heading-border'><div class='special-heading-inner-border'><\/div><\/div><\/div><br \/>\n\n<style type=\"text\/css\" data-created_by=\"avia_inline_auto\" id=\"style-css-av-e4g86x-e9854ee28db27754b82ff6a0eda0735f\">\n#top .hr.av-e4g86x-e9854ee28db27754b82ff6a0eda0735f{\nmargin-top:10px;\nmargin-bottom:30px;\n}\n.hr.av-e4g86x-e9854ee28db27754b82ff6a0eda0735f .hr-inner{\nwidth:50px;\n}\n<\/style>\n<div  class='hr av-e4g86x-e9854ee28db27754b82ff6a0eda0735f hr-custom  avia-builder-el-31  el_after_av_heading  avia-builder-el-last  hr-left hr-icon-no '><span class='hr-inner inner-border-av-border-fat'><span class=\"hr-inner-style\"><\/span><\/span><\/div><\/p><\/div><\/div><!--close column table wrapper. Autoclose: 1 -->\n\n<\/div><\/div><\/div><!-- close content main div --><\/div><\/div><\/div><div id='welcome'  class='av-layout-grid-container entry-content-wrapper main_color av-fixed-cells     avia-builder-el-32  el_after_av_section  avia-builder-el-last  submenu-not-first container_wrap sidebar_right'  >\n<div class=\"flex_cell no_margin av_one_fourth  avia-builder-el-33  el_before_av_cell_one_fourth  avia-builder-el-first   av-zero-padding \"  style='height:15px; min-height:15px;vertical-align:top; padding:0px; background-color:#719430; ' ><div class='flex_cell_inner' ><\/div><\/div><div class=\"flex_cell no_margin av_one_fourth  avia-builder-el-34  el_after_av_cell_one_fourth  el_before_av_cell_one_fourth   av-zero-padding \"  style='height:15px; min-height:15px;vertical-align:top; padding:0px; background-color:#92bb46; ' ><div class='flex_cell_inner' ><\/div><\/div><div class=\"flex_cell no_margin av_one_fourth  avia-builder-el-35  el_after_av_cell_one_fourth  el_before_av_cell_one_fourth   av-zero-padding \"  style='height:15px; min-height:15px;vertical-align:top; padding:0px; background-color:#acd464; ' ><div class='flex_cell_inner' ><\/div><\/div><div class=\"flex_cell no_margin av_one_fourth  avia-builder-el-36  el_after_av_cell_one_fourth  avia-builder-el-last   av-zero-padding \"  style='height:15px; min-height:15px;vertical-align:top; padding:0px; background-color:#e1fbb2; ' ><div class='flex_cell_inner' ><\/div><\/div>\n<\/div>\n","protected":false},"excerpt":{"rendered":"","protected":false},"author":3,"featured_media":0,"parent":0,"menu_order":0,"comment_status":"closed","ping_status":"closed","template":"","meta":{"footnotes":""},"class_list":["post-2041","page","type-page","status-publish","hentry"],"_links":{"self":[{"href":"https:\/\/www.gartenbau-bashkim-gashi.de\/index.php?rest_route=\/wp\/v2\/pages\/2041","targetHints":{"allow":["GET"]}}],"collection":[{"href":"https:\/\/www.gartenbau-bashkim-gashi.de\/index.php?rest_route=\/wp\/v2\/pages"}],"about":[{"href":"https:\/\/www.gartenbau-bashkim-gashi.de\/index.php?rest_route=\/wp\/v2\/types\/page"}],"author":[{"embeddable":true,"href":"https:\/\/www.gartenbau-bashkim-gashi.de\/index.php?rest_route=\/wp\/v2\/users\/3"}],"replies":[{"embeddable":true,"href":"https:\/\/www.gartenbau-bashkim-gashi.de\/index.php?rest_route=%2Fwp%2Fv2%2Fcomments&post=2041"}],"version-history":[{"count":15,"href":"https:\/\/www.gartenbau-bashkim-gashi.de\/index.php?rest_route=\/wp\/v2\/pages\/2041\/revisions"}],"predecessor-version":[{"id":2248,"href":"https:\/\/www.gartenbau-bashkim-gashi.de\/index.php?rest_route=\/wp\/v2\/pages\/2041\/revisions\/2248"}],"wp:attachment":[{"href":"https:\/\/www.gartenbau-bashkim-gashi.de\/index.php?rest_route=%2Fwp%2Fv2%2Fmedia&parent=2041"}],"curies":[{"name":"wp","href":"https:\/\/api.w.org\/{rel}","templated":true}]}}